{"id":11,"date":"2012-10-31T16:49:36","date_gmt":"2012-10-31T14:49:36","guid":{"rendered":"http:\/\/cbernardy.de\/schlagerbernd\/?page_id=11"},"modified":"2014-08-26T11:29:14","modified_gmt":"2014-08-26T09:29:14","slug":"shop","status":"publish","type":"page","link":"http:\/\/cbernardy.de\/schlagerbernd\/shop","title":{"rendered":"Shop"},"content":{"rendered":"<p>SchlagerBernd f\u00fcr zuhause: das gibt es hier!<br \/>\nAls Tontr\u00e4ger, als Download, als Button, als T-Shirt, als Sticker oder als Autogrammkarte.<br \/>\nWeil es f\u00fcr Euch und mich einfacher ist, findet der Verkauf \u00fcber eine externe Seite statt.<\/p>\n<p>Hier geht&#8217;s weiter auf <a href=\"http:\/\/stereola.bandcamp.com\/\" target=\"_blank\">stereola.bandcamp.com.<\/a> (\u00d6ffnet sich in einem neuen Fenster.)<\/p>\n<p>Autogrammw\u00fcnsche bitte per frankierten R\u00fcckumschlag an<br \/>\nSchlagerBernd<br \/>\nAbt. Autogramme<br \/>\nChristian Bernardy<br \/>\nAm Brennermoor 39<br \/>\n23843 Bad Oldesloe<\/p>\n<p><a href=\"http:\/\/cbernardy.de\/schlagerbernd\/shop\/autogrammwunsch\" rel=\"attachment wp-att-188\"><img loading=\"lazy\" decoding=\"async\" src=\"http:\/\/cbernardy.de\/schlagerbernd\/wp-content\/upload\/autogrammwunsch.jpg\" alt=\"autogrammwunsch\" width=\"600\" height=\"450\" class=\"alignleft size-full wp-image-188\" srcset=\"http:\/\/cbernardy.de\/schlagerbernd\/wp-content\/upload\/autogrammwunsch.jpg 600w, http:\/\/cbernardy.de\/schlagerbernd\/wp-content\/upload\/autogrammwunsch-300x225.jpg 300w\" sizes=\"(max-width: 600px) 100vw, 600px\" \/><\/a><\/p>\n","protected":false},"excerpt":{"rendered":"<p>SchlagerBernd f\u00fcr zuhause: das gibt es hier! Als Tontr\u00e4ger, als Download, als Button, als T-Shirt, als Sticker oder als Autogrammkarte. Weil es f\u00fcr Euch und mich einfacher ist, findet der Verkauf \u00fcber eine externe Seite statt. Hier geht&#8217;s weiter auf &hellip; <a href=\"http:\/\/cbernardy.de\/schlagerbernd\/shop\">Weiterlesen <span class=\"meta-nav\">&rarr;<\/span><\/a><\/p>\n","protected":false},"author":1,"featured_media":0,"parent":0,"menu_order":0,"comment_status":"closed","ping_status":"open","template":"","meta":{"footnotes":""},"_links":{"self":[{"href":"http:\/\/cbernardy.de\/schlagerbernd\/wp-json\/wp\/v2\/pages\/11"}],"collection":[{"href":"http:\/\/cbernardy.de\/schlagerbernd\/wp-json\/wp\/v2\/pages"}],"about":[{"href":"http:\/\/cbernardy.de\/schlagerbernd\/wp-json\/wp\/v2\/types\/page"}],"author":[{"embeddable":true,"href":"http:\/\/cbernardy.de\/schlagerbernd\/wp-json\/wp\/v2\/users\/1"}],"replies":[{"embeddable":true,"href":"http:\/\/cbernardy.de\/schlagerbernd\/wp-json\/wp\/v2\/comments?post=11"}],"version-history":[{"count":9,"href":"http:\/\/cbernardy.de\/schlagerbernd\/wp-json\/wp\/v2\/pages\/11\/revisions"}],"predecessor-version":[{"id":300,"href":"http:\/\/cbernardy.de\/schlagerbernd\/wp-json\/wp\/v2\/pages\/11\/revisions\/300"}],"wp:attachment":[{"href":"http:\/\/cbernardy.de\/schlagerbernd\/wp-json\/wp\/v2\/media?parent=11"}],"curies":[{"name":"wp","href":"https:\/\/api.w.org\/{rel}","templated":true}]}}